{"id":155,"date":"2018-09-04T17:14:18","date_gmt":"2018-09-04T17:14:18","guid":{"rendered":"http:\/\/lafondareal.es\/?page_id=155"},"modified":"2018-11-05T20:24:42","modified_gmt":"2018-11-05T20:24:42","slug":"trabaja-con-nosotros","status":"publish","type":"page","link":"https:\/\/lafondareal.es\/?page_id=155","title":{"rendered":"Trabaja con Nosotros"},"content":{"rendered":"<p><em><strong>Si te gustar\u00eda formar parte de Restaurante La Fonda Real, puedes enviarnos tu curriculum vitae a nuestro correo electr\u00f3nico o si lo prefieres puedes tra\u00e9rnoslo personalmente a nuestro restaurante.\u00a0\u00a0<\/strong><\/em><span style=\"color: #0000ff;\"><strong>info@lafondareal.es<\/strong><\/span><\/p>\n<div id=\"page-block-muzl7qkxreh\" class=\"page-block\">\n<div class=\"border-holder\">\n<div class=\"block-inner\">\n<div id=\"element-835\" class=\"page-element widget-container page-element-type-headline widget-headline \">\n<div class=\"contents\">\n<p><strong>Cada d\u00eda nos comprometemos a dar lo mejor de nosotros mismos y ofrecer una atenci\u00f3n excepcional a nuestros clientes que cada d\u00eda vienen a desayunar, comer, cenar o a tomar un aperitivo a nuestro restaurante<\/strong><\/p>\n<\/div>\n<\/div>\n<\/div>\n<\/div>\n<\/div>\n<div id=\"page-block-kfsesgn70u\" class=\"page-block\">\n<div class=\"border-holder\">\n<div class=\"block-inner\">\n<div id=\"element-1035\" class=\"page-element widget-container page-element-type-text widget-text \"><\/div>\n<p><img loading=\"lazy\" class=\"size-medium wp-image-156 aligncenter\" src=\"http:\/\/lafondareal.es\/wp-content\/uploads\/2018\/09\/post_it_trabaja-con-nosotros-cerramientos-candela-300x215.jpg\" alt=\"post_it_trabaja-con-nosotros-cerramientos-candela\" width=\"300\" height=\"215\" srcset=\"https:\/\/lafondareal.es\/wp-content\/uploads\/2018\/09\/post_it_trabaja-con-nosotros-cerramientos-candela-300x215.jpg 300w, https:\/\/lafondareal.es\/wp-content\/uploads\/2018\/09\/post_it_trabaja-con-nosotros-cerramientos-candela-1x1.jpg 1w, https:\/\/lafondareal.es\/wp-content\/uploads\/2018\/09\/post_it_trabaja-con-nosotros-cerramientos-candela.jpg 399w\" sizes=\"(max-width: 300px) 100vw, 300px\" \/><\/p>\n<div id=\"element-1045\" class=\"page-element widget-container page-element-type-text widget-text \"><\/div>\n<\/div>\n<\/div>\n<\/div>\n<p>&nbsp;<\/p>\n","protected":false},"excerpt":{"rendered":"<p>Si te gustar\u00eda formar parte de Restaurante La Fonda Real, puedes enviarnos tu curriculum vitae a nuestro correo electr\u00f3nico o si lo prefieres puedes tra\u00e9rnoslo personalmente a nuestro restaurante.\u00a0\u00a0info@lafondareal.es Cada d\u00eda nos comprometemos a dar lo mejor de nosotros mismos y ofrecer una atenci\u00f3n excepcional a nuestros clientes que cada d\u00eda vienen a desayunar, comer,&#8230;<\/p>\n","protected":false},"author":1,"featured_media":0,"parent":0,"menu_order":0,"comment_status":"closed","ping_status":"closed","template":"page-templates\/full-width.php","meta":[],"_links":{"self":[{"href":"https:\/\/lafondareal.es\/index.php?rest_route=\/wp\/v2\/pages\/155"}],"collection":[{"href":"https:\/\/lafondareal.es\/index.php?rest_route=\/wp\/v2\/pages"}],"about":[{"href":"https:\/\/lafondareal.es\/index.php?rest_route=\/wp\/v2\/types\/page"}],"author":[{"embeddable":true,"href":"https:\/\/lafondareal.es\/index.php?rest_route=\/wp\/v2\/users\/1"}],"replies":[{"embeddable":true,"href":"https:\/\/lafondareal.es\/index.php?rest_route=%2Fwp%2Fv2%2Fcomments&post=155"}],"version-history":[{"count":1,"href":"https:\/\/lafondareal.es\/index.php?rest_route=\/wp\/v2\/pages\/155\/revisions"}],"predecessor-version":[{"id":159,"href":"https:\/\/lafondareal.es\/index.php?rest_route=\/wp\/v2\/pages\/155\/revisions\/159"}],"wp:attachment":[{"href":"https:\/\/lafondareal.es\/index.php?rest_route=%2Fwp%2Fv2%2Fmedia&parent=155"}],"curies":[{"name":"wp","href":"https:\/\/api.w.org\/{rel}","templated":true}]}}