{"id":132,"date":"2017-11-21T12:34:51","date_gmt":"2017-11-21T12:34:51","guid":{"rendered":"http:\/\/lafondareal.es\/?page_id=132"},"modified":"2018-09-04T17:22:12","modified_gmt":"2018-09-04T17:22:12","slug":"celebraciones","status":"publish","type":"page","link":"https:\/\/lafondareal.es\/?page_id=132","title":{"rendered":"Celebraciones"},"content":{"rendered":"<p>Contamos con unas instalaciones \u00fanicas para la celebraci\u00f3n de cualquier tipo de evento, y con un equipo profesional, capaz de responder a las necesidades de cada uno de sus clientes.<\/p>\n<p>Ponemos a su disposici\u00f3n un espacio singular, cercano a Madrid, y muy apropiado para la celebraci\u00f3n de bodas \u00edntimas, celebraciones familiares y almuerzos especiales de empresa.<\/p>\n<p>P\u00f3ngase en contacto con nosotros y le mandaremos los diferentes men\u00fas que tenemos, tambi\u00e9n pod\u00e9is visitar nuestras instalaciones y all\u00ed os atendremos encantados.<\/p>\n","protected":false},"excerpt":{"rendered":"<p>Contamos con unas instalaciones \u00fanicas para la celebraci\u00f3n de cualquier tipo de evento, y con un equipo profesional, capaz de responder a las necesidades de cada uno de sus clientes. Ponemos a su disposici\u00f3n un espacio singular, cercano a Madrid, y muy apropiado para la celebraci\u00f3n de bodas \u00edntimas, celebraciones familiares y almuerzos especiales de&#8230;<\/p>\n","protected":false},"author":1,"featured_media":0,"parent":0,"menu_order":0,"comment_status":"closed","ping_status":"closed","template":"page-templates\/full-width.php","meta":[],"_links":{"self":[{"href":"https:\/\/lafondareal.es\/index.php?rest_route=\/wp\/v2\/pages\/132"}],"collection":[{"href":"https:\/\/lafondareal.es\/index.php?rest_route=\/wp\/v2\/pages"}],"about":[{"href":"https:\/\/lafondareal.es\/index.php?rest_route=\/wp\/v2\/types\/page"}],"author":[{"embeddable":true,"href":"https:\/\/lafondareal.es\/index.php?rest_route=\/wp\/v2\/users\/1"}],"replies":[{"embeddable":true,"href":"https:\/\/lafondareal.es\/index.php?rest_route=%2Fwp%2Fv2%2Fcomments&post=132"}],"version-history":[{"count":2,"href":"https:\/\/lafondareal.es\/index.php?rest_route=\/wp\/v2\/pages\/132\/revisions"}],"predecessor-version":[{"id":141,"href":"https:\/\/lafondareal.es\/index.php?rest_route=\/wp\/v2\/pages\/132\/revisions\/141"}],"wp:attachment":[{"href":"https:\/\/lafondareal.es\/index.php?rest_route=%2Fwp%2Fv2%2Fmedia&parent=132"}],"curies":[{"name":"wp","href":"https:\/\/api.w.org\/{rel}","templated":true}]}}